{"id":100,"date":"2024-07-16T18:00:56","date_gmt":"2024-07-16T18:00:56","guid":{"rendered":"https:\/\/grupotrocadero.com\/jle\/?page_id=100"},"modified":"2024-08-01T20:12:23","modified_gmt":"2024-08-01T18:12:23","slug":"circuito-golf","status":"publish","type":"page","link":"https:\/\/grupotrocadero.com\/en\/golf-circuit\/","title":{"rendered":"Golf Circuit"},"content":{"rendered":"<div data-elementor-type=\"wp-page\" data-elementor-id=\"100\" class=\"elementor elementor-100\" data-elementor-post-type=\"page\">\n\t\t\t\t\t\t<section class=\"elementor-section elementor-top-section elementor-element elementor-element-3755102b elementor-section-height-min-height elementor-section-boxed elementor-section-height-default elementor-section-items-middle\" data-id=\"3755102b\" data-element_type=\"section\" data-e-type=\"section\" data-settings=\"{&quot;background_background&quot;:&quot;classic&quot;}\">\n\t\t\t\t\t\t\t<div class=\"elementor-background-overlay\"><\/div>\n\t\t\t\t\t\t\t<div class=\"elementor-container elementor-column-gap-no\">\n\t\t\t\t\t<div class=\"elementor-column elementor-col-100 elementor-top-column elementor-element elementor-element-29b19b7a\" data-id=\"29b19b7a\" data-element_type=\"column\" data-e-type=\"column\" data-settings=\"{&quot;background_background&quot;:&quot;classic&quot;}\">\n\t\t\t<div class=\"elementor-widget-wrap elementor-element-populated\">\n\t\t\t\t\t\t<div class=\"elementor-element elementor-element-64290b7c elementor-widget elementor-widget-image\" data-id=\"64290b7c\" data-element_type=\"widget\" data-e-type=\"widget\" data-widget_type=\"image.default\">\n\t\t\t\t<div class=\"elementor-widget-container\">\n\t\t\t\t\t\t\t\t\t\t\t\t\t\t\t\t<a href=\"https:\/\/grupotrocadero.com\/wp-content\/uploads\/2024\/07\/circuito-golf-2024.jpeg\" data-elementor-open-lightbox=\"yes\" data-elementor-lightbox-title=\"circuito-golf-2024.jpeg\" data-e-action-hash=\"#elementor-action%3Aaction%3Dlightbox%26settings%3DeyJpZCI6ODAsInVybCI6Imh0dHBzOlwvXC9ncnVwb3Ryb2NhZGVyby5jb21cL3dwLWNvbnRlbnRcL3VwbG9hZHNcLzIwMjRcLzA3XC9jaXJjdWl0by1nb2xmLTIwMjQuanBlZyJ9\">\n\t\t\t\t\t\t\t<img fetchpriority=\"high\" decoding=\"async\" width=\"900\" height=\"1600\" src=\"https:\/\/grupotrocadero.com\/wp-content\/uploads\/2024\/07\/circuito-golf-2024.jpeg\" class=\"attachment-full size-full wp-image-80\" alt=\"\" srcset=\"https:\/\/grupotrocadero.com\/wp-content\/uploads\/2024\/07\/circuito-golf-2024.jpeg 900w, https:\/\/grupotrocadero.com\/wp-content\/uploads\/2024\/07\/circuito-golf-2024-169x300.jpeg 169w, https:\/\/grupotrocadero.com\/wp-content\/uploads\/2024\/07\/circuito-golf-2024-576x1024.jpeg 576w, https:\/\/grupotrocadero.com\/wp-content\/uploads\/2024\/07\/circuito-golf-2024-768x1365.jpeg 768w, https:\/\/grupotrocadero.com\/wp-content\/uploads\/2024\/07\/circuito-golf-2024-864x1536.jpeg 864w\" sizes=\"(max-width: 900px) 100vw, 900px\">\t\t\t\t\t\t\t\t<\/a>\n\t\t\t\t\t\t\t\t\t\t\t\t\t\t\t<\/div>\n\t\t\t\t<\/div>\n\t\t\t\t<div class=\"elementor-element elementor-element-71480373 elementor-widget elementor-widget-button\" data-id=\"71480373\" data-element_type=\"widget\" data-e-type=\"widget\" data-widget_type=\"button.default\">\n\t\t\t\t<div class=\"elementor-widget-container\">\n\t\t\t\t\t\t\t\t\t<div class=\"elementor-button-wrapper\">\n\t\t\t\t\t<a class=\"elementor-button elementor-button-link elementor-size-sm\" href=\"https:\/\/golfdirecto.com\/micro\/season\/66115cb676f8b5050dff0cb0\/tournament\/list?tag=66115c6776f8b5050dd35208\" target=\"_blank\" rel=\"nofollow noopener\">\n\t\t\t\t\t\t<span class=\"elementor-button-content-wrapper\">\n\t\t\t\t\t\t\t\t\t<span class=\"elementor-button-text\">INFO+ REGISTRATION HERE<\/span>\n\t\t\t\t\t<\/span>\n\t\t\t\t\t<\/a>\n\t\t\t\t<\/div>\n\t\t\t\t\t\t\t\t<\/div>\n\t\t\t\t<\/div>\n\t\t\t\t\t<\/div>\n\t\t<\/div>\n\t\t\t\t\t<\/div>\n\t\t<\/section>\n\t\t\t\t<section class=\"elementor-section elementor-top-section elementor-element elementor-element-347fc045 elementor-section-boxed elementor-section-height-default elementor-section-height-default\" data-id=\"347fc045\" data-element_type=\"section\" data-e-type=\"section\" data-settings=\"{&quot;background_background&quot;:&quot;classic&quot;}\">\n\t\t\t\t\t\t\t<div class=\"elementor-background-overlay\"><\/div>\n\t\t\t\t\t\t\t<div class=\"elementor-container elementor-column-gap-no\">\n\t\t\t\t\t<div class=\"elementor-column elementor-col-100 elementor-top-column elementor-element elementor-element-40be0bc3\" data-id=\"40be0bc3\" data-element_type=\"column\" data-e-type=\"column\">\n\t\t\t<div class=\"elementor-widget-wrap elementor-element-populated\">\n\t\t\t\t\t\t<div class=\"elementor-element elementor-element-675ab7fa elementor-widget elementor-widget-text-editor\" data-id=\"675ab7fa\" data-element_type=\"widget\" data-e-type=\"widget\" data-widget_type=\"text-editor.default\">\n\t\t\t\t<div class=\"elementor-widget-container\">\n\t\t\t\t\t\t\t\t\t<p>THE BEST AMATEUR GOLF RANKING EVER SEEN ON THE COSTA DEL SOL AND MADRID<\/p><p>THE BEST AMATEUR GOLF RANKING EVER SEEN ON LA COSTA DEL SOL AND MADRID<\/p><h5>More info | More info:<\/h5><h6><span style=\"color: #800000;\">golf@grupotrocadero.com<\/span><\/h6>\t\t\t\t\t\t\t\t<\/div>\n\t\t\t\t<\/div>\n\t\t\t\t\t<\/div>\n\t\t<\/div>\n\t\t\t\t\t<\/div>\n\t\t<\/section>\n\t\t\t\t<section class=\"elementor-section elementor-top-section elementor-element elementor-element-275bf17b elementor-section-boxed elementor-section-height-default elementor-section-height-default\" data-id=\"275bf17b\" data-element_type=\"section\" data-e-type=\"section\" data-settings=\"{&quot;background_background&quot;:&quot;classic&quot;}\">\n\t\t\t\t\t\t\t<div class=\"elementor-background-overlay\"><\/div>\n\t\t\t\t\t\t\t<div class=\"elementor-container elementor-column-gap-no\">\n\t\t\t\t\t<div class=\"elementor-column elementor-col-100 elementor-top-column elementor-element elementor-element-78546338\" data-id=\"78546338\" data-element_type=\"column\" data-e-type=\"column\">\n\t\t\t<div class=\"elementor-widget-wrap elementor-element-populated\">\n\t\t\t\t\t\t<div class=\"elementor-element elementor-element-3c4c406f elementor-widget elementor-widget-image\" data-id=\"3c4c406f\" data-element_type=\"widget\" data-e-type=\"widget\" data-widget_type=\"image.default\">\n\t\t\t\t<div class=\"elementor-widget-container\">\n\t\t\t\t\t\t\t\t\t\t\t\t\t\t\t<img decoding=\"async\" width=\"1600\" height=\"1600\" src=\"https:\/\/grupotrocadero.com\/wp-content\/uploads\/2024\/07\/golf-trocadero-1.webp\" class=\"attachment-full size-full wp-image-81\" alt=\"\" srcset=\"https:\/\/grupotrocadero.com\/wp-content\/uploads\/2024\/07\/golf-trocadero-1.webp 1600w, https:\/\/grupotrocadero.com\/wp-content\/uploads\/2024\/07\/golf-trocadero-1-300x300.webp 300w, https:\/\/grupotrocadero.com\/wp-content\/uploads\/2024\/07\/golf-trocadero-1-1024x1024.webp 1024w, https:\/\/grupotrocadero.com\/wp-content\/uploads\/2024\/07\/golf-trocadero-1-150x150.webp 150w, https:\/\/grupotrocadero.com\/wp-content\/uploads\/2024\/07\/golf-trocadero-1-768x768.webp 768w, https:\/\/grupotrocadero.com\/wp-content\/uploads\/2024\/07\/golf-trocadero-1-1536x1536.webp 1536w\" sizes=\"(max-width: 1600px) 100vw, 1600px\">\t\t\t\t\t\t\t\t\t\t\t\t\t\t\t<\/div>\n\t\t\t\t<\/div>\n\t\t\t\t\t<\/div>\n\t\t<\/div>\n\t\t\t\t\t<\/div>\n\t\t<\/section>\n\t\t\t\t<\/div>","protected":false},"excerpt":{"rendered":"<p>INFO+ INSCRIPCI\u00d3N AQU\u00cd EL MEJOR RANKING DE GOLF AMATEUR JAM\u00c1S VISTO EN LA COSTA DEL SOL Y MADRID THE BEST [&hellip;]<\/p>\n","protected":false},"author":6,"featured_media":0,"parent":0,"menu_order":70,"comment_status":"closed","ping_status":"closed","template":"","meta":{"site-sidebar-layout":"no-sidebar","site-content-layout":"","ast-site-content-layout":"full-width-container","site-content-style":"unboxed","site-sidebar-style":"unboxed","ast-global-header-display":"","ast-banner-title-visibility":"","ast-main-header-display":"","ast-hfb-above-header-display":"","ast-hfb-below-header-display":"","ast-hfb-mobile-header-display":"","site-post-title":"disabled","ast-breadcrumbs-content":"disabled","ast-featured-img":"disabled","footer-sml-layout":"","ast-disable-related-posts":"","theme-transparent-header-meta":"enabled","adv-header-id-meta":"","stick-header-meta":"enabled","header-above-stick-meta":"","header-main-stick-meta":"","header-below-stick-meta":"","astra-migrate-meta-layouts":"set","ast-page-background-enabled":"default","ast-page-background-meta":{"desktop":{"background-color":"var(--ast-global-color-4)","background-image":"","background-repeat":"repeat","background-position":"center center","background-size":"auto","background-attachment":"scroll","background-type":"","background-media":"","overlay-type":"","overlay-color":"","overlay-opacity":"","overlay-gradient":""},"tablet":{"background-color":"","background-image":"","background-repeat":"repeat","background-position":"center center","background-size":"auto","background-attachment":"scroll","background-type":"","background-media":"","overlay-type":"","overlay-color":"","overlay-opacity":"","overlay-gradient":""},"mobile":{"background-color":"","background-image":"","background-repeat":"repeat","background-position":"center center","background-size":"auto","background-attachment":"scroll","background-type":"","background-media":"","overlay-type":"","overlay-color":"","overlay-opacity":"","overlay-gradient":""}},"ast-content-background-meta":{"desktop":{"background-color":"var(--ast-global-color-5)","background-image":"","background-repeat":"repeat","background-position":"center center","background-size":"auto","background-attachment":"scroll","background-type":"","background-media":"","overlay-type":"","overlay-color":"","overlay-opacity":"","overlay-gradient":""},"tablet":{"background-color":"var(--ast-global-color-5)","background-image":"","background-repeat":"repeat","background-position":"center center","background-size":"auto","background-attachment":"scroll","background-type":"","background-media":"","overlay-type":"","overlay-color":"","overlay-opacity":"","overlay-gradient":""},"mobile":{"background-color":"var(--ast-global-color-5)","background-image":"","background-repeat":"repeat","background-position":"center center","background-size":"auto","background-attachment":"scroll","background-type":"","background-media":"","overlay-type":"","overlay-color":"","overlay-opacity":"","overlay-gradient":""}},"footnotes":""},"class_list":["post-100","page","type-page","status-publish","hentry"],"_links":{"self":[{"href":"https:\/\/grupotrocadero.com\/en\/wp-json\/wp\/v2\/pages\/100","targetHints":{"allow":["GET"]}}],"collection":[{"href":"https:\/\/grupotrocadero.com\/en\/wp-json\/wp\/v2\/pages"}],"about":[{"href":"https:\/\/grupotrocadero.com\/en\/wp-json\/wp\/v2\/types\/page"}],"author":[{"embeddable":true,"href":"https:\/\/grupotrocadero.com\/en\/wp-json\/wp\/v2\/users\/6"}],"replies":[{"embeddable":true,"href":"https:\/\/grupotrocadero.com\/en\/wp-json\/wp\/v2\/comments?post=100"}],"version-history":[{"count":0,"href":"https:\/\/grupotrocadero.com\/en\/wp-json\/wp\/v2\/pages\/100\/revisions"}],"wp:attachment":[{"href":"https:\/\/grupotrocadero.com\/en\/wp-json\/wp\/v2\/media?parent=100"}],"curies":[{"name":"wp","href":"https:\/\/api.w.org\/{rel}","templated":true}]}}